{"id":6768,"date":"2024-01-29T19:30:26","date_gmt":"2024-01-29T18:30:26","guid":{"rendered":"https:\/\/spplawna.pl\/?page_id=6768"},"modified":"2024-01-29T20:07:48","modified_gmt":"2024-01-29T19:07:48","slug":"e-doreczenia","status":"publish","type":"page","link":"https:\/\/spplawna.pl\/?page_id=6768","title":{"rendered":"E-dor\u0119czenia"},"content":{"rendered":"\n<hr class=\"wp-block-separator\"\/>\n\n\n\n<p>Adres do skrzynki e-Dor\u0119cze\u0144 Szko\u0142y Podstawowej w P\u0142awnej<\/p>\n\n\n\n<p>AE:PL-12359-81792-EVRAE-27<\/p>\n\n\n\n<p>Wi\u0119cej o e-Dor\u0119czeniach na stronie <a href=\"https:\/\/www.gov.pl\/web\/e-doreczenia\" target=\"_blank\" rel=\"noreferrer noopener\">https:\/\/www.gov.pl\/web\/e-doreczenia<\/a><\/p>\n","protected":false},"excerpt":{"rendered":"<p>Adres do skrzynki e-Dor\u0119cze\u0144 Szko\u0142y Podstawowej w P\u0142awnej AE:PL-12359-81792-EVRAE-27 Wi\u0119cej o e-Dor\u0119czeniach na stronie https:\/\/www.gov.pl\/web\/e-doreczenia<\/p>\n","protected":false},"author":1,"featured_media":0,"parent":0,"menu_order":0,"comment_status":"closed","ping_status":"closed","template":"","meta":{"footnotes":""},"_links":{"self":[{"href":"https:\/\/spplawna.pl\/index.php?rest_route=\/wp\/v2\/pages\/6768"}],"collection":[{"href":"https:\/\/spplawna.pl\/index.php?rest_route=\/wp\/v2\/pages"}],"about":[{"href":"https:\/\/spplawna.pl\/index.php?rest_route=\/wp\/v2\/types\/page"}],"author":[{"embeddable":true,"href":"https:\/\/spplawna.pl\/index.php?rest_route=\/wp\/v2\/users\/1"}],"replies":[{"embeddable":true,"href":"https:\/\/spplawna.pl\/index.php?rest_route=%2Fwp%2Fv2%2Fcomments&post=6768"}],"version-history":[{"count":4,"href":"https:\/\/spplawna.pl\/index.php?rest_route=\/wp\/v2\/pages\/6768\/revisions"}],"predecessor-version":[{"id":6773,"href":"https:\/\/spplawna.pl\/index.php?rest_route=\/wp\/v2\/pages\/6768\/revisions\/6773"}],"wp:attachment":[{"href":"https:\/\/spplawna.pl\/index.php?rest_route=%2Fwp%2Fv2%2Fmedia&parent=6768"}],"curies":[{"name":"wp","href":"https:\/\/api.w.org\/{rel}","templated":true}]}}