{"id":31,"date":"2018-08-27T12:21:07","date_gmt":"2018-08-27T10:21:07","guid":{"rendered":"http:\/\/spplawna.pl\/?page_id=31"},"modified":"2025-09-01T21:50:34","modified_gmt":"2025-09-01T19:50:34","slug":"nasza-kadra","status":"publish","type":"page","link":"https:\/\/spplawna.pl\/?page_id=31","title":{"rendered":"Nasza kadra"},"content":{"rendered":"<p>&#8222;Sztuka tkwi nie tylko w posiadaniu wiedzy o czym\u015b, ale tak\u017ce w przekazywaniu jej&#8221; &#8211; Cyceron<\/p>\n<h2>\u00a0<\/h2>\n<p><span style=\"color: black;\">KADRA NAUCZYCIELSKA<\/span><\/p>\n<p>DYREKTOR SZKO\u0141Y mgr Teresa \u015aliwi\u0144ska<\/p>\n<p>WYCHOWANIE PRZEDSZKOLNE mgr Barbara Grala<\/p>\n<p>PEDAGOG mgr Ewa Sad\u0142ucka<\/p>\n<p>PSYCHOLOG mgr Ewelina Bunikowska<\/p>\n<p>BIBLIOTEKA mgr Edyta G\u00f3recka<\/p>\n<p>&nbsp;<\/p>\n<table class=\"zwykly\" style=\"height: 1483px;\" border=\"5\" width=\"487\" cellspacing=\"0\" cellpadding=\"1\" align=\"center\">\n<tbody>\n<tr class=\"zwykly\" align=\"center\" valign=\"middle\">\n<td colspan=\"2\" align=\"left\" height=\"65\">\n<p class=\"wazne\" align=\"center\"><strong>Edukacja wczesnoszkolna:<\/strong><\/p>\n<\/td>\n<\/tr>\n<tr align=\"left\" valign=\"middle\">\n<td class=\"zwykly\" width=\"263\" height=\"35\">\n<p class=\"zwykly\" align=\"left\">mgr Beata Kuli\u0144ska<\/p>\n<\/td>\n<td class=\"zwykly\" align=\"center\" width=\"213\">\n<p align=\"center\">Klasa 1<\/p>\n<\/td>\n<\/tr>\n<tr>\n<td class=\"zwykly\" align=\"center\" valign=\"middle\" height=\"35\">\n<p align=\"left\">mgr Teresa \u015aliwi\u0144ska<\/p>\n<\/td>\n<td class=\"zwykly\" align=\"center\" valign=\"middle\">\n<p align=\"center\">Klasa 2<\/p>\n<\/td>\n<\/tr>\n<tr>\n<td class=\"zwykly\" align=\"center\" valign=\"middle\" height=\"35\">\n<p class=\"zwykly\" align=\"left\">mgr Edyta G\u00f3recka<\/p>\n<\/td>\n<td class=\"zwykly\" align=\"center\" valign=\"middle\">\n<p align=\"center\">Klasa 3<\/p>\n<\/td>\n<\/tr>\n<tr class=\"zwykly\" align=\"center\" valign=\"middle\">\n<td class=\"zwykly\" colspan=\"2\" align=\"left\" height=\"88\">\n<p class=\"wazne\" align=\"center\"><strong>Zesp\u00f3\u0142 nauczania przedmiotowego:<\/strong><\/p>\n<\/td>\n<\/tr>\n<tr>\n<td class=\"zwykly\" width=\"263\" height=\"35\">\n<p class=\"zwykly\" align=\"left\">mgr Magdalena Podobi\u0144ska<\/p>\n<\/td>\n<td class=\"zwykly\" align=\"center\" valign=\"middle\" width=\"213\">\n<p class=\"zwykly\" align=\"center\">j\u0119zyk polski,<br \/>wych. kl.V<\/p>\n<\/td>\n<\/tr>\n<tr>\n<td class=\"zwykly\" width=\"263\" height=\"35\">\n<p>mgr Ma\u0142gorzata Moskwa<\/p>\n<\/td>\n<td class=\"zwykly\" align=\"center\" valign=\"middle\" width=\"213\">\n<p align=\"center\">j\u0119zyk angielski, muzyka<br \/>wych. kl. VI<\/p>\n<\/td>\n<\/tr>\n<tr>\n<td class=\"zwykly\" width=\"263\" height=\"35\">\n<p class=\"zwykly\" align=\"left\">mgr Sylwia Ogrodnik-Sawa<\/p>\n<\/td>\n<td class=\"zwykly\" align=\"center\" valign=\"middle\" width=\"213\">\n<p>historia, wiedza<br \/>o spo\u0142ecze\u0144stwie, wych. kl. IV<\/p>\n<\/td>\n<\/tr>\n<tr>\n<td class=\"zwykly\" width=\"263\" height=\"35\">\n<p class=\"zwykly\" align=\"left\">mgr Ewelina Bunikowska<\/p>\n<\/td>\n<td class=\"zwykly\" align=\"center\" valign=\"middle\" width=\"213\">\n<p align=\"center\">fizyka<\/p>\n<\/td>\n<\/tr>\n<tr>\n<td class=\"zwykly\" width=\"263\" height=\"35\">\n<p class=\"zwykly\" align=\"left\">mgr Paulina Achramowicz-Ma\u015blanka<\/p>\n<\/td>\n<td class=\"zwykly\" align=\"center\" valign=\"middle\" width=\"213\">\n<p align=\"center\">geografia, biologia<\/p>\n<\/td>\n<\/tr>\n<tr>\n<td class=\"zwykly\" width=\"263\" height=\"35\">\n<p class=\"zwykly\" align=\"left\">mgr Joanna Jeziorska,<\/p>\n<\/td>\n<td class=\"zwykly\" align=\"center\" valign=\"middle\" width=\"213\">\n<p align=\"center\">j. niemiecki<\/p>\n<\/td>\n<\/tr>\n<tr>\n<td class=\"zwykly\" width=\"263\" height=\"35\">\n<p class=\"zwykly\" align=\"left\">mgr Katarzyna Kozak<\/p>\n<\/td>\n<td class=\"zwykly\" align=\"center\" valign=\"middle\" width=\"213\">\n<p class=\"zwykly\" align=\"center\">matematyka, informatyka,wych. kl. VII<\/p>\n<\/td>\n<\/tr>\n<tr>\n<td class=\"zwykly\" width=\"263\" height=\"35\">\n<p class=\"zwykly\" align=\"left\">mgr Jolanta \u015aliwi\u0144ska<\/p>\n<\/td>\n<td class=\"zwykly\" align=\"center\" valign=\"middle\" width=\"213\">wychowanie fizyczne, logopedia, rewalidacja,\u00a0 edukacja dla bezpiecze\u0144stwa <\/td>\n<\/tr>\n<tr>\n<td class=\"zwykly\" width=\"263\" height=\"35\">\n<p class=\"zwykly\" align=\"left\">mgr Ewa Sad\u0142ucka<\/p>\n<\/td>\n<td class=\"zwykly\" align=\"center\" valign=\"middle\" width=\"213\">przyroda, zaj. kor.-komp., wych. kl. VIII<\/td>\n<\/tr>\n<tr>\n<td class=\"zwykly\" width=\"263\" height=\"35\">\n<p class=\"zwykly\" align=\"left\">mgr Danuta Babczonek &#8211; Wr\u00f3bel<\/p>\n<\/td>\n<td class=\"zwykly\" align=\"center\" valign=\"middle\" width=\"213\">\n<p align=\"center\">chemia<\/p>\n<\/td>\n<\/tr>\n<tr>\n<td class=\"zwykly\" width=\"263\" height=\"35\">\n<p class=\"zwykly\" align=\"left\">mgr Barbara Grala<\/p>\n<\/td>\n<td class=\"zwykly\" align=\"center\" valign=\"middle\" width=\"213\">\n<p align=\"center\">plastyka, muzyka<\/p>\n<\/td>\n<\/tr>\n<tr>\n<td class=\"zwykly\" width=\"263\" height=\"35\">\n<p class=\"zwykly\" align=\"left\">mgr Edyta G\u00f3recka<\/p>\n<\/td>\n<td class=\"zwykly\" align=\"center\" valign=\"middle\" width=\"213\">\n<p class=\"zwykly\" align=\"center\">technika<\/p>\n<\/td>\n<\/tr>\n<tr>\n<td class=\"zwykly\" width=\"263\" height=\"35\">\n<p class=\"zwykly\" align=\"left\">ks. Stanis\u0142aw Partyka<\/p>\n<\/td>\n<td class=\"zwykly\" align=\"center\" valign=\"middle\" width=\"213\">\n<p class=\"zwykly\" align=\"center\">religia<\/p>\n<\/td>\n<\/tr>\n<\/tbody>\n<\/table>\n<table class=\"zwykly\" border=\"5\" cellspacing=\"0\" cellpadding=\"1\" align=\"center\">\n<tbody>\n<tr class=\"zwykly\" align=\"center\" valign=\"middle\">\n<td colspan=\"2\" align=\"left\" width=\"263\" height=\"65\">\n<p class=\"wazne\" align=\"center\"><strong>\u015awietlica:<\/strong><\/p>\n<\/td>\n<\/tr>\n<tr class=\"zwykly\" align=\"center\" valign=\"middle\">\n<td colspan=\"2\" align=\"left\" height=\"40\">\n<p class=\"zwykly\" align=\"center\">mgr Sylwia Ogrodnik &#8211; Sawa<\/p>\n<\/td>\n<\/tr>\n<tr class=\"zwykly\" align=\"center\" valign=\"middle\">\n<td colspan=\"2\" align=\"left\" height=\"40\">\n<p class=\"zwykly\" align=\"center\">mgr Ewa Sad\u0142ucka<\/p>\n<\/td>\n<\/tr>\n<tr class=\"zwykly\" align=\"center\" valign=\"middle\">\n<td colspan=\"2\" align=\"left\" height=\"40\">\n<p class=\"zwykly\" align=\"center\">mgr Edyta G\u00f3recka<\/p>\n<\/td>\n<\/tr>\n<\/tbody>\n<\/table>\n\n\n<p><\/p>\n\n\n\n<p><\/p>\n","protected":false},"excerpt":{"rendered":"<p>&#8222;Sztuka tkwi nie tylko w posiadaniu wiedzy o czym\u015b, ale tak\u017ce w przekazywaniu jej&#8221; &#8211; Cyceron \u00a0 KADRA NAUCZYCIELSKA DYREKTOR SZKO\u0141Y mgr Teresa \u015aliwi\u0144ska WYCHOWANIE PRZEDSZKOLNE mgr Barbara Grala PEDAGOG mgr Ewa Sad\u0142ucka PSYCHOLOG mgr Ewelina Bunikowska BIBLIOTEKA mgr Edyta G\u00f3recka &nbsp; Edukacja wczesnoszkolna: mgr Beata Kuli\u0144ska Klasa 1 mgr Teresa \u015aliwi\u0144ska Klasa 2 mgr [&hellip;]<\/p>\n","protected":false},"author":1,"featured_media":0,"parent":0,"menu_order":0,"comment_status":"closed","ping_status":"closed","template":"","meta":{"footnotes":""},"_links":{"self":[{"href":"https:\/\/spplawna.pl\/index.php?rest_route=\/wp\/v2\/pages\/31"}],"collection":[{"href":"https:\/\/spplawna.pl\/index.php?rest_route=\/wp\/v2\/pages"}],"about":[{"href":"https:\/\/spplawna.pl\/index.php?rest_route=\/wp\/v2\/types\/page"}],"author":[{"embeddable":true,"href":"https:\/\/spplawna.pl\/index.php?rest_route=\/wp\/v2\/users\/1"}],"replies":[{"embeddable":true,"href":"https:\/\/spplawna.pl\/index.php?rest_route=%2Fwp%2Fv2%2Fcomments&post=31"}],"version-history":[{"count":25,"href":"https:\/\/spplawna.pl\/index.php?rest_route=\/wp\/v2\/pages\/31\/revisions"}],"predecessor-version":[{"id":9020,"href":"https:\/\/spplawna.pl\/index.php?rest_route=\/wp\/v2\/pages\/31\/revisions\/9020"}],"wp:attachment":[{"href":"https:\/\/spplawna.pl\/index.php?rest_route=%2Fwp%2Fv2%2Fmedia&parent=31"}],"curies":[{"name":"wp","href":"https:\/\/api.w.org\/{rel}","templated":true}]}}