{"id":27,"date":"2018-08-27T12:19:36","date_gmt":"2018-08-27T10:19:36","guid":{"rendered":"http:\/\/spplawna.pl\/?page_id=27"},"modified":"2025-09-12T00:06:55","modified_gmt":"2025-09-11T22:06:55","slug":"dokumenty-szkoly","status":"publish","type":"page","link":"https:\/\/spplawna.pl\/?page_id=27","title":{"rendered":"Dokumenty szko\u0142y"},"content":{"rendered":"\n<p><a href=\"https:\/\/spplawna.pl\/wp-content\/uploads\/2022\/09\/statut2022-2.pdf\" target=\"_blank\" rel=\"noreferrer noopener\">Statut Szko\u0142y Podstawowej w P\u0142awnej<\/a><\/p>\n\n\n\n<p><a href=\"https:\/\/spplawna.pl\/wp-content\/uploads\/2019\/05\/Bezpiecze\u0144stwo-i-higiena-uczni\u00f3w-w-szkole.docx\">Bezpiecze\u0144stwo i higiena uczni\u00f3w w szkole<\/a><\/p>\n\n\n\n<p><a href=\"https:\/\/spplawna.pl\/wp-content\/uploads\/2018\/09\/wymaganiaopinia.docx\">Dostosowanie wymaga\u0144 edukacyjnych dla uczni\u00f3w z opini\u0105 orzeczeniem ppp w Szkole Podstawowej w P\u0142awnej<\/a><\/p>\n\n\n\n<p><a href=\"https:\/\/spplawna.pl\/wp-content\/uploads\/2018\/09\/program-wychowawczy.doc\">Program Wychowawczo-Profilaktyczny w Szkole Podstawowej w P\u0142awnej<\/a><\/p>\n\n\n\n<p><a href=\"https:\/\/spplawna.pl\/wp-content\/uploads\/2025\/09\/program-nauczania-edukacji-zdrowotnej-w-szkole-podstawowej-1-2.pdf\">Program nauczania edukacji zdrowotnej dla klas IV-VIII<\/a><\/p>\n\n\n\n<p><a href=\"https:\/\/spplawna.pl\/wp-content\/uploads\/2021\/09\/Przedmiotowy-system-oceniania-jezyk-polski.docx\">Przedmiotowy System Oceniania z j\u0119zyka polskiego<\/a><\/p>\n\n\n\n<p><a href=\"https:\/\/spplawna.pl\/wp-content\/uploads\/2018\/09\/oceny-matematykaIV.doc\">Przedmiotowy System Oceniania z matematyki dla klasy IV szko\u0142y podstawowej<\/a><\/p>\n\n\n\n<p><a href=\"https:\/\/spplawna.pl\/wp-content\/uploads\/2018\/09\/oceny-matematykaV.doc\">Przedmiotowy System Oceniania z matematyki dla klasy V szko\u0142y podstawowej<\/a><\/p>\n\n\n\n<p><a href=\"https:\/\/spplawna.pl\/wp-content\/uploads\/2018\/09\/oceny-matematykaVI.doc\">Przedmiotowy System Oceniania z matematyki dla klasy VI szko\u0142y podstawowej<\/a><\/p>\n\n\n\n<p><a rel=\"noreferrer noopener\" href=\"https:\/\/spplawna.pl\/wp-content\/uploads\/2021\/10\/matematyka_7.pdf\" target=\"_blank\">Przedmiotowy System Oceniania z matematyki dla klas<\/a><a href=\"https:\/\/spplawna.pl\/wp-content\/uploads\/2021\/10\/matematyka_7.pdf\" target=\"_blank\" rel=\"noreferrer noopener\">y<\/a><a rel=\"noreferrer noopener\" href=\"https:\/\/spplawna.pl\/wp-content\/uploads\/2021\/10\/matematyka_7.pdf\" target=\"_blank\"> VII szko\u0142y podstawowej<\/a><\/p>\n\n\n\n<p><a rel=\"noreferrer noopener\" href=\"https:\/\/spplawna.pl\/wp-content\/uploads\/2021\/10\/informatyka8.pdf\" target=\"_blank\">Przedmiotowy System Oceniania z matematyki dla klas<\/a><a href=\"https:\/\/spplawna.pl\/wp-content\/uploads\/2021\/10\/informatyka8.pdf\" target=\"_blank\" rel=\"noreferrer noopener\">y<\/a><a rel=\"noreferrer noopener\" href=\"https:\/\/spplawna.pl\/wp-content\/uploads\/2021\/10\/informatyka8.pdf\" target=\"_blank\"> VIII szko\u0142y podstawowej<\/a><\/p>\n\n\n\n<p><a href=\"https:\/\/spplawna.pl\/wp-content\/uploads\/2021\/10\/informatyka_4.pdf\" target=\"_blank\" rel=\"noreferrer noopener\">Przedmiotowy System Oceniania z informatyki dla klasy IV szko\u0142y podstawowej<\/a><\/p>\n\n\n\n<p><a href=\"https:\/\/spplawna.pl\/wp-content\/uploads\/2021\/10\/informatyka_5.pdf\" target=\"_blank\" rel=\"noreferrer noopener\">Przedmiotowy System Oceniania z informatyki dla klasy V szko\u0142y podstawowej<\/a><\/p>\n\n\n\n<p><a href=\"https:\/\/spplawna.pl\/wp-content\/uploads\/2021\/10\/informatyka6.pdf\" target=\"_blank\" rel=\"noreferrer noopener\">Przedmiotowy System Oceniania z informatyki dla klasy VI szko\u0142y podstawowej<\/a><\/p>\n\n\n\n<p><a href=\"https:\/\/spplawna.pl\/wp-content\/uploads\/2021\/10\/informatyka7.pdf\" target=\"_blank\" rel=\"noreferrer noopener\">Przedmiotowy System Oceniania z informatyki dla klasy VII szko\u0142y podstawowej<\/a><\/p>\n\n\n\n<p><a href=\"https:\/\/spplawna.pl\/wp-content\/uploads\/2021\/10\/informatyka8.pdf\" data-type=\"URL\" data-id=\"https:\/\/spplawna.pl\/wp-content\/uploads\/2021\/10\/informatyka8.pdf\" target=\"_blank\" rel=\"noreferrer noopener\">Przedmiotowy System Oceniania z informatyki dla klasy VIII szko\u0142y podstawowej<\/a><\/p>\n\n\n\n<p><a href=\"https:\/\/spplawna.pl\/wp-content\/uploads\/2018\/09\/oceny-wf.docx\">Kryteria oceniania na lekcjach wychowania fizycznego<\/a><\/p>\n\n\n\n<p><a href=\"https:\/\/spplawna.pl\/wp-content\/uploads\/2018\/11\/Kryteria-oceniania-z-plastyki-w-klasach-IV.docx\">Kryteria oceniania z plastyki w klasach IV &#8211; VII<\/a><\/p>\n\n\n\n<p><a href=\"https:\/\/spplawna.pl\/wp-content\/uploads\/2018\/09\/oceny-muzyka.docx\">Przedmiotowy System Oceniania z muzyki w szkole podstawowej<\/a><\/p>\n\n\n\n<p><a href=\"https:\/\/spplawna.pl\/wp-content\/uploads\/2021\/09\/PSO-Przyroda-SP-Plawna.doc\">Przedmiotowy System Oceniania z przyrody<\/a><\/p>\n\n\n\n<p><a href=\"https:\/\/spplawna.pl\/wp-content\/uploads\/2018\/09\/oceny-fizyka.docx\">Przedmiotowy System Oceniania z fizyki<\/a><\/p>\n\n\n\n<p><a href=\"https:\/\/spplawna.pl\/wp-content\/uploads\/2021\/09\/PSO-Chemia-SP-Plawna.doc\">Przedmiotowy System Oceniania z chemii<\/a><\/p>\n\n\n\n<p><a href=\"https:\/\/spplawna.pl\/wp-content\/uploads\/2022\/06\/Przedmiotowy-System-Oceniania-z-biologii-1.docx\" target=\"_blank\" rel=\"noreferrer noopener\">Przedmiotowy System Oceniania z biologii<\/a><\/p>\n\n\n\n<p><a href=\"https:\/\/spplawna.pl\/wp-content\/uploads\/2022\/06\/Przedmiotowy-System-Oceniania-z-geografii.docx\">Przedmiotowy System Oceniania z geografii<\/a><\/p>\n\n\n\n<p><a href=\"https:\/\/spplawna.pl\/wp-content\/uploads\/2018\/09\/oceny-angielski.doc\">Przedmiotowy System Oceniania z j\u0119zyka angielskiego <\/a><\/p>\n\n\n\n<p><a href=\"https:\/\/spplawna.pl\/wp-content\/uploads\/2021\/09\/PSO-HISTORIA-i-WOS.odt\" data-type=\"URL\" data-id=\"https:\/\/spplawna.pl\/wp-content\/uploads\/2021\/09\/PSO-HISTORIA-i-WOS.odt\" target=\"_blank\" rel=\"noreferrer noopener\">Przedmiotowy System Oceniania z historii i wos<\/a><\/p>\n\n\n\n<p><a rel=\"noreferrer noopener\" href=\"https:\/\/spplawna.pl\/wp-content\/uploads\/2023\/12\/Standardy-ochrony-maloletnich.pdf\" target=\"_blank\">Standardy ochrony ma\u0142oletnich w Szkole Podstawowej w P\u0142awnej<\/a><\/p>\n\n\n\n<p><a rel=\"noreferrer noopener\" href=\"https:\/\/spplawna.pl\/wp-content\/uploads\/2023\/12\/Standardy-ochrony-maloletnich-przedszkole-strona-szkoly.pdf\" target=\"_blank\">Standardy ochrony dzieci w Przedszkolu przy Szkole Podstawowej w P\u0142awnej<\/a><\/p>\n\n\n\n<p><a href=\"https:\/\/spplawna.pl\/wp-content\/uploads\/2022\/02\/Karta-zapisu-dziecka-do-oddzialu-przedszkolnego.docx\" target=\"_blank\" rel=\"noreferrer noopener\">Karta zapisu&nbsp; dziecka do&nbsp;&nbsp; oddzia\u0142u przedszkolnego dzia\u0142aj\u0105cego przy Szkole Podstawowej&nbsp; w P\u0142awnej<\/a><\/p>\n\n\n\n<p><a rel=\"noreferrer noopener\" href=\"https:\/\/spplawna.pl\/wp-content\/uploads\/2021\/06\/Karta_zgloszenia_dziecka_-do-szkoly.doc\" data-type=\"URL\" data-id=\"https:\/\/spplawna.pl\/wp-content\/uploads\/2021\/06\/Karta_zgloszenia_dziecka_-do-szkoly.doc\" target=\"_blank\">Karta zg\u0142oszenia dziecka do szko\u0142y<\/a><\/p>\n\n\n\n<p><\/p>\n","protected":false},"excerpt":{"rendered":"<p>Statut Szko\u0142y Podstawowej w P\u0142awnej Bezpiecze\u0144stwo i higiena uczni\u00f3w w szkole Dostosowanie wymaga\u0144 edukacyjnych dla uczni\u00f3w z opini\u0105 orzeczeniem ppp w Szkole Podstawowej w P\u0142awnej Program Wychowawczo-Profilaktyczny w Szkole Podstawowej w P\u0142awnej Program nauczania edukacji zdrowotnej dla klas IV-VIII Przedmiotowy System Oceniania z j\u0119zyka polskiego Przedmiotowy System Oceniania z matematyki dla klasy IV szko\u0142y podstawowej [&hellip;]<\/p>\n","protected":false},"author":1,"featured_media":0,"parent":0,"menu_order":0,"comment_status":"closed","ping_status":"closed","template":"","meta":{"footnotes":""},"_links":{"self":[{"href":"https:\/\/spplawna.pl\/index.php?rest_route=\/wp\/v2\/pages\/27"}],"collection":[{"href":"https:\/\/spplawna.pl\/index.php?rest_route=\/wp\/v2\/pages"}],"about":[{"href":"https:\/\/spplawna.pl\/index.php?rest_route=\/wp\/v2\/types\/page"}],"author":[{"embeddable":true,"href":"https:\/\/spplawna.pl\/index.php?rest_route=\/wp\/v2\/users\/1"}],"replies":[{"embeddable":true,"href":"https:\/\/spplawna.pl\/index.php?rest_route=%2Fwp%2Fv2%2Fcomments&post=27"}],"version-history":[{"count":70,"href":"https:\/\/spplawna.pl\/index.php?rest_route=\/wp\/v2\/pages\/27\/revisions"}],"predecessor-version":[{"id":9039,"href":"https:\/\/spplawna.pl\/index.php?rest_route=\/wp\/v2\/pages\/27\/revisions\/9039"}],"wp:attachment":[{"href":"https:\/\/spplawna.pl\/index.php?rest_route=%2Fwp%2Fv2%2Fmedia&parent=27"}],"curies":[{"name":"wp","href":"https:\/\/api.w.org\/{rel}","templated":true}]}}